{"id":376,"date":"2021-07-24T22:56:16","date_gmt":"2021-07-24T22:56:16","guid":{"rendered":"https:\/\/campdebasecasey.com\/new\/?post_type=product&#038;p=376"},"modified":"2022-10-21T19:19:48","modified_gmt":"2022-10-21T19:19:48","slug":"membre-annuel","status":"publish","type":"product","link":"https:\/\/campdebasecasey.com\/en\/product\/membre-annuel\/","title":{"rendered":"Membre Annuel"},"content":{"rendered":"","protected":false},"excerpt":{"rendered":"<p>Merci de supporter les initiatives du Camp de Base Casey.<\/p>\n<p>Grace \u00e0 votre adh\u00e9sion annuelle nous pouvons garantir une p\u00e9rennit\u00e9 des installations ainsi que des \u00e9quipements et vous pouvez en profiter \u00e0 l&#8217;ann\u00e9e longue.<\/p>\n<p>Cette adh\u00e9sion est valide pour un\/une (1) membre en r\u00e8gle plus un\/une invit\u00e9(e).<\/p>\n<p>Vous recevrez sous peu par la poste votre carte de membre.<\/p>\n","protected":false},"featured_media":377,"comment_status":"open","ping_status":"closed","template":"","meta":[],"product_cat":[24],"product_tag":[],"_links":{"self":[{"href":"https:\/\/campdebasecasey.com\/en\/wp-json\/wp\/v2\/product\/376"}],"collection":[{"href":"https:\/\/campdebasecasey.com\/en\/wp-json\/wp\/v2\/product"}],"about":[{"href":"https:\/\/campdebasecasey.com\/en\/wp-json\/wp\/v2\/types\/product"}],"replies":[{"embeddable":true,"href":"https:\/\/campdebasecasey.com\/en\/wp-json\/wp\/v2\/comments?post=376"}],"wp:featuredmedia":[{"embeddable":true,"href":"https:\/\/campdebasecasey.com\/en\/wp-json\/wp\/v2\/media\/377"}],"wp:attachment":[{"href":"https:\/\/campdebasecasey.com\/en\/wp-json\/wp\/v2\/media?parent=376"}],"wp:term":[{"taxonomy":"product_cat","embeddable":true,"href":"https:\/\/campdebasecasey.com\/en\/wp-json\/wp\/v2\/product_cat?post=376"},{"taxonomy":"product_tag","embeddable":true,"href":"https:\/\/campdebasecasey.com\/en\/wp-json\/wp\/v2\/product_tag?post=376"}],"curies":[{"name":"wp","href":"https:\/\/api.w.org\/{rel}","templated":true}]}}