{"id":1276,"date":"2022-11-08T23:28:37","date_gmt":"2022-11-08T23:28:37","guid":{"rendered":"https:\/\/campdebasecasey.com\/new\/?post_type=product&#038;p=1276"},"modified":"2023-07-14T04:01:59","modified_gmt":"2023-07-14T04:01:59","slug":"challenge-10-55km-de-casey","status":"publish","type":"product","link":"https:\/\/campdebasecasey.com\/en\/product\/challenge-10-55km-de-casey\/","title":{"rendered":"Challenge 10.5km de Casey"},"content":{"rendered":"<p>Votre inscription au Demi Marathon \u00a0de Casey et les distances\u00a0\u00ab\u00a0Challenge\u00a0\u00bb inclut le kit du coureur qui comprend\u00a0:<\/p>\n<ul>\n<li>Dossard avec puce de chronom\u00e9trage<\/li>\n<li>T-Shirt officiel<\/li>\n<li>Station de ravitaillement durant la course (sauf au 1km)<\/li>\n<li>Petit D\u00e9jeuner apr\u00e8s la course (sauf au 1km)<\/li>\n<li>Douche apr\u00e8s la course<\/li>\n<li>M\u00e9daille des finissants (si vous terminez votre distance)<\/li>\n<\/ul>\n","protected":false},"excerpt":{"rendered":"<p>Votre inscription au Demi Marathon \u00a0de Casey et les distances\u00a0\u00ab\u00a0Challenge\u00a0\u00bb inclut le kit du coureur qui comprend\u00a0: Dossard avec puce de chronom\u00e9trage T-Shirt officiel Station de ravitaillement durant la course (sauf au 1km) Petit D\u00e9jeuner apr\u00e8s la course (sauf au 1km) Douche apr\u00e8s la course M\u00e9daille des finissants (si vous terminez votre distance)<\/p>\n","protected":false},"featured_media":1269,"comment_status":"open","ping_status":"closed","template":"","meta":[],"product_cat":[30],"product_tag":[],"_links":{"self":[{"href":"https:\/\/campdebasecasey.com\/en\/wp-json\/wp\/v2\/product\/1276"}],"collection":[{"href":"https:\/\/campdebasecasey.com\/en\/wp-json\/wp\/v2\/product"}],"about":[{"href":"https:\/\/campdebasecasey.com\/en\/wp-json\/wp\/v2\/types\/product"}],"replies":[{"embeddable":true,"href":"https:\/\/campdebasecasey.com\/en\/wp-json\/wp\/v2\/comments?post=1276"}],"wp:featuredmedia":[{"embeddable":true,"href":"https:\/\/campdebasecasey.com\/en\/wp-json\/wp\/v2\/media\/1269"}],"wp:attachment":[{"href":"https:\/\/campdebasecasey.com\/en\/wp-json\/wp\/v2\/media?parent=1276"}],"wp:term":[{"taxonomy":"product_cat","embeddable":true,"href":"https:\/\/campdebasecasey.com\/en\/wp-json\/wp\/v2\/product_cat?post=1276"},{"taxonomy":"product_tag","embeddable":true,"href":"https:\/\/campdebasecasey.com\/en\/wp-json\/wp\/v2\/product_tag?post=1276"}],"curies":[{"name":"wp","href":"https:\/\/api.w.org\/{rel}","templated":true}]}}